{"id":1866,"date":"2026-01-03T19:11:55","date_gmt":"2026-01-03T19:11:55","guid":{"rendered":"https:\/\/majoeletronica.com\/?post_type=product&#038;p=1866"},"modified":"2026-03-12T22:31:40","modified_gmt":"2026-03-12T22:31:40","slug":"fonte-de-alimentacao-ps5-adp-400er","status":"publish","type":"product","link":"https:\/\/majoeletronica.com\/?product=fonte-de-alimentacao-ps5-adp-400er","title":{"rendered":"Fonte de alimenta\u00e7\u00e3o PS5 ADP-400ER"},"content":{"rendered":"<p><span style=\"font-family: Liberation Serif, serif;\">Compat\u00edvel com os modelos PS5:<\/span><\/p>\n<ul>\n<li><span style=\"font-family: Liberation Serif, serif;\">CFI-1000<\/span><\/li>\n<li><span style=\"font-family: Liberation Serif, serif;\">CFI-1100<\/span><\/li>\n<li><span style=\"font-family: Liberation Serif, serif;\">CFI-1215<\/span><\/li>\n<\/ul>\n<p><span style=\"font-family: Liberation Serif, serif;\">Especifica\u00e7\u00f5es t\u00e9cnicas:<\/span><\/p>\n<p><span style=\"font-family: Liberation Serif, serif;\"><b>Modelo:<\/b> ADP-400ER PA-1401-JT20<\/span><\/p>\n<p><span style=\"font-family: Liberation Serif, serif;\"><b>Tipo:<\/b> Fonte de alimenta\u00e7\u00e3o interna para consola PS5<\/span><\/p>\n<p><span style=\"font-family: Liberation Serif, serif;\"><b>Entrada AC: <\/b>240V, 2.3A, 50\/60Hz<\/span><\/p>\n<p><span style=\"font-family: Liberation Serif, serif;\"><b>Sa\u00edda DC:<\/b> 12V, 31A<\/span><\/p>\n","protected":false},"excerpt":{"rendered":"<p><span style=\"font-family: Liberation Serif, serif;\">Fonte de alimenta\u00e7\u00e3o interna de substitui\u00e7\u00e3o ADP-400ER para consolas Sony PlayStation 5<\/span><\/p>\n","protected":false},"featured_media":1867,"comment_status":"open","ping_status":"closed","template":"","meta":{"_uag_custom_page_level_css":""},"product_brand":[],"product_cat":[64,66],"product_tag":[],"class_list":{"0":"post-1866","1":"product","2":"type-product","3":"status-publish","4":"has-post-thumbnail","6":"product_cat-componentes-p-consolas","7":"product_cat-playstation-5","9":"first","10":"onbackorder","11":"shipping-taxable","12":"purchasable","13":"product-type-simple"},"aioseo_notices":[],"uagb_featured_image_src":{"full":["https:\/\/majoeletronica.com\/wp-content\/uploads\/2026\/01\/FAPS5ADP400ER-1.jpg",1080,1080,false],"thumbnail":["https:\/\/majoeletronica.com\/wp-content\/uploads\/2026\/01\/FAPS5ADP400ER-1-150x150.jpg",150,150,true],"medium":["https:\/\/majoeletronica.com\/wp-content\/uploads\/2026\/01\/FAPS5ADP400ER-1-300x300.jpg",300,300,true],"medium_large":["https:\/\/majoeletronica.com\/wp-content\/uploads\/2026\/01\/FAPS5ADP400ER-1-768x768.jpg",768,768,true],"large":["https:\/\/majoeletronica.com\/wp-content\/uploads\/2026\/01\/FAPS5ADP400ER-1-1024x1024.jpg",800,800,true],"1536x1536":["https:\/\/majoeletronica.com\/wp-content\/uploads\/2026\/01\/FAPS5ADP400ER-1.jpg",1080,1080,false],"2048x2048":["https:\/\/majoeletronica.com\/wp-content\/uploads\/2026\/01\/FAPS5ADP400ER-1.jpg",1080,1080,false],"320w":["https:\/\/majoeletronica.com\/wp-content\/uploads\/2026\/01\/FAPS5ADP400ER-1-320x320.jpg",320,320,true],"480w":["https:\/\/majoeletronica.com\/wp-content\/uploads\/2026\/01\/FAPS5ADP400ER-1-480x480.jpg",480,480,true],"800w":["https:\/\/majoeletronica.com\/wp-content\/uploads\/2026\/01\/FAPS5ADP400ER-1-800x800.jpg",800,800,true],"woocommerce_thumbnail":["https:\/\/majoeletronica.com\/wp-content\/uploads\/2026\/01\/FAPS5ADP400ER-1-300x300.jpg",300,300,true],"woocommerce_single":["https:\/\/majoeletronica.com\/wp-content\/uploads\/2026\/01\/FAPS5ADP400ER-1-600x600.jpg",600,600,true],"woocommerce_gallery_thumbnail":["https:\/\/majoeletronica.com\/wp-content\/uploads\/2026\/01\/FAPS5ADP400ER-1-100x100.jpg",100,100,true]},"uagb_author_info":{"display_name":"majoeletronica@gmail.com","author_link":"https:\/\/majoeletronica.com\/?author=0"},"uagb_comment_info":0,"uagb_excerpt":"Fonte de alimenta\u00e7\u00e3o interna de substitui\u00e7\u00e3o ADP-400ER para consolas Sony PlayStation 5","_links":{"self":[{"href":"https:\/\/majoeletronica.com\/index.php?rest_route=\/wp\/v2\/product\/1866","targetHints":{"allow":["GET"]}}],"collection":[{"href":"https:\/\/majoeletronica.com\/index.php?rest_route=\/wp\/v2\/product"}],"about":[{"href":"https:\/\/majoeletronica.com\/index.php?rest_route=\/wp\/v2\/types\/product"}],"replies":[{"embeddable":true,"href":"https:\/\/majoeletronica.com\/index.php?rest_route=%2Fwp%2Fv2%2Fcomments&post=1866"}],"version-history":[{"count":1,"href":"https:\/\/majoeletronica.com\/index.php?rest_route=\/wp\/v2\/product\/1866\/revisions"}],"predecessor-version":[{"id":1869,"href":"https:\/\/majoeletronica.com\/index.php?rest_route=\/wp\/v2\/product\/1866\/revisions\/1869"}],"wp:featuredmedia":[{"embeddable":true,"href":"https:\/\/majoeletronica.com\/index.php?rest_route=\/wp\/v2\/media\/1867"}],"wp:attachment":[{"href":"https:\/\/majoeletronica.com\/index.php?rest_route=%2Fwp%2Fv2%2Fmedia&parent=1866"}],"wp:term":[{"taxonomy":"product_brand","embeddable":true,"href":"https:\/\/majoeletronica.com\/index.php?rest_route=%2Fwp%2Fv2%2Fproduct_brand&post=1866"},{"taxonomy":"product_cat","embeddable":true,"href":"https:\/\/majoeletronica.com\/index.php?rest_route=%2Fwp%2Fv2%2Fproduct_cat&post=1866"},{"taxonomy":"product_tag","embeddable":true,"href":"https:\/\/majoeletronica.com\/index.php?rest_route=%2Fwp%2Fv2%2Fproduct_tag&post=1866"}],"curies":[{"name":"wp","href":"https:\/\/api.w.org\/{rel}","templated":true}]}}