{"id":1875,"date":"2026-01-10T18:56:44","date_gmt":"2026-01-10T18:56:44","guid":{"rendered":"https:\/\/majoeletronica.com\/?post_type=product&#038;p=1875"},"modified":"2026-03-12T22:31:30","modified_gmt":"2026-03-12T22:31:30","slug":"auriculares-sony-pulse-explore-sem-fios","status":"publish","type":"product","link":"https:\/\/majoeletronica.com\/?product=auriculares-sony-pulse-explore-sem-fios","title":{"rendered":"Auriculares Sony PULSE Explore sem fios"},"content":{"rendered":"<h3><strong>Carater\u00edsticas<\/strong><\/h3>\n<p><strong>Tipo de produto:<\/strong> Auriculares<\/p>\n<p><strong>Estilo de uso:<\/strong> Intra-aural<\/p>\n<p><strong>Uso recomendado:<\/strong> Gaming<\/p>\n<p><strong>Tipo de headset:<\/strong> Binaural<\/p>\n<p><strong>Cor:<\/strong> Preto, Branco<\/p>\n<p><strong>Chaves de opera\u00e7\u00e3o:<\/strong> Volume +, Volume &#8211;<\/p>\n<p><strong>Controlo de volume:<\/strong> Bot\u00e3o<\/p>\n<p><strong>Tipo de unidade de controlo:<\/strong> Unidade de comando integrado<\/p>\n<p><strong>Tipo de controlo:<\/strong> Bot\u00f5es<\/p>\n<p><strong>Modo de jogo:<\/strong> Sim<\/p>\n<p><strong>Produtos compat\u00edveis:<\/strong> PlayStation 5<\/p>\n<p><strong>Tecnologia de conetividade:<\/strong> True Wireless Stereo (TWS)<\/p>\n<p><strong>Bluetooth:\u00a0<\/strong>Sim<\/p>\n<p><strong>Microfone:<\/strong> Embutido<\/p>\n<p><strong>Cancelamento de ru\u00eddo do microfone:<\/strong> Sim<\/p>\n<p>&nbsp;<\/p>\n","protected":false},"excerpt":{"rendered":"<p>Os fones de ouvido sem fio PULSE Explore para PS5 oferecem \u00e1udio de alta fidelidade com drivers magn\u00e9ticos planares, garantindo uma experi\u00eancia sonora realista e imersiva. Possuem microfones com cancelamento de ru\u00eddo por IA para comunica\u00e7\u00e3o clara, conex\u00e3o ultrarr\u00e1pida e sem perdas via PlayStation Link, al\u00e9m de Bluetooth para uso simult\u00e2neo com o telem\u00f3vel. Com at\u00e9 5 horas de bateria no auriculares mais 10 horas no estojo de carregamento e design elegante, s\u00e3o ideais para jogar com m\u00e1ximo conforto e imers\u00e3o.<\/p>\n","protected":false},"featured_media":1876,"comment_status":"open","ping_status":"closed","template":"","meta":{"_uag_custom_page_level_css":""},"product_brand":[],"product_cat":[63,73],"product_tag":[],"class_list":{"0":"post-1875","1":"product","2":"type-product","3":"status-publish","4":"has-post-thumbnail","6":"product_cat-acessorios-p-consolas","7":"product_cat-playstation","9":"first","10":"onbackorder","11":"shipping-taxable","12":"purchasable","13":"product-type-simple"},"aioseo_notices":[],"uagb_featured_image_src":{"full":["https:\/\/majoeletronica.com\/wp-content\/uploads\/2026\/01\/572992-1.jpg",1080,1080,false],"thumbnail":["https:\/\/majoeletronica.com\/wp-content\/uploads\/2026\/01\/572992-1-150x150.jpg",150,150,true],"medium":["https:\/\/majoeletronica.com\/wp-content\/uploads\/2026\/01\/572992-1-300x300.jpg",300,300,true],"medium_large":["https:\/\/majoeletronica.com\/wp-content\/uploads\/2026\/01\/572992-1-768x768.jpg",768,768,true],"large":["https:\/\/majoeletronica.com\/wp-content\/uploads\/2026\/01\/572992-1-1024x1024.jpg",800,800,true],"1536x1536":["https:\/\/majoeletronica.com\/wp-content\/uploads\/2026\/01\/572992-1.jpg",1080,1080,false],"2048x2048":["https:\/\/majoeletronica.com\/wp-content\/uploads\/2026\/01\/572992-1.jpg",1080,1080,false],"320w":["https:\/\/majoeletronica.com\/wp-content\/uploads\/2026\/01\/572992-1-320x320.jpg",320,320,true],"480w":["https:\/\/majoeletronica.com\/wp-content\/uploads\/2026\/01\/572992-1-480x480.jpg",480,480,true],"800w":["https:\/\/majoeletronica.com\/wp-content\/uploads\/2026\/01\/572992-1-800x800.jpg",800,800,true],"woocommerce_thumbnail":["https:\/\/majoeletronica.com\/wp-content\/uploads\/2026\/01\/572992-1-300x300.jpg",300,300,true],"woocommerce_single":["https:\/\/majoeletronica.com\/wp-content\/uploads\/2026\/01\/572992-1-600x600.jpg",600,600,true],"woocommerce_gallery_thumbnail":["https:\/\/majoeletronica.com\/wp-content\/uploads\/2026\/01\/572992-1-100x100.jpg",100,100,true]},"uagb_author_info":{"display_name":"majoeletronica@gmail.com","author_link":"https:\/\/majoeletronica.com\/?author=0"},"uagb_comment_info":0,"uagb_excerpt":"Os fones de ouvido sem fio PULSE Explore para PS5 oferecem \u00e1udio de alta fidelidade com drivers magn\u00e9ticos planares, garantindo uma experi\u00eancia sonora realista e imersiva. Possuem microfones com cancelamento de ru\u00eddo por IA para comunica\u00e7\u00e3o clara, conex\u00e3o ultrarr\u00e1pida e sem perdas via PlayStation Link, al\u00e9m de Bluetooth para uso simult\u00e2neo com o telem\u00f3vel. Com&hellip;","_links":{"self":[{"href":"https:\/\/majoeletronica.com\/index.php?rest_route=\/wp\/v2\/product\/1875","targetHints":{"allow":["GET"]}}],"collection":[{"href":"https:\/\/majoeletronica.com\/index.php?rest_route=\/wp\/v2\/product"}],"about":[{"href":"https:\/\/majoeletronica.com\/index.php?rest_route=\/wp\/v2\/types\/product"}],"replies":[{"embeddable":true,"href":"https:\/\/majoeletronica.com\/index.php?rest_route=%2Fwp%2Fv2%2Fcomments&post=1875"}],"version-history":[{"count":3,"href":"https:\/\/majoeletronica.com\/index.php?rest_route=\/wp\/v2\/product\/1875\/revisions"}],"predecessor-version":[{"id":1904,"href":"https:\/\/majoeletronica.com\/index.php?rest_route=\/wp\/v2\/product\/1875\/revisions\/1904"}],"wp:featuredmedia":[{"embeddable":true,"href":"https:\/\/majoeletronica.com\/index.php?rest_route=\/wp\/v2\/media\/1876"}],"wp:attachment":[{"href":"https:\/\/majoeletronica.com\/index.php?rest_route=%2Fwp%2Fv2%2Fmedia&parent=1875"}],"wp:term":[{"taxonomy":"product_brand","embeddable":true,"href":"https:\/\/majoeletronica.com\/index.php?rest_route=%2Fwp%2Fv2%2Fproduct_brand&post=1875"},{"taxonomy":"product_cat","embeddable":true,"href":"https:\/\/majoeletronica.com\/index.php?rest_route=%2Fwp%2Fv2%2Fproduct_cat&post=1875"},{"taxonomy":"product_tag","embeddable":true,"href":"https:\/\/majoeletronica.com\/index.php?rest_route=%2Fwp%2Fv2%2Fproduct_tag&post=1875"}],"curies":[{"name":"wp","href":"https:\/\/api.w.org\/{rel}","templated":true}]}}