{"id":1881,"date":"2026-01-14T23:11:49","date_gmt":"2026-01-14T23:11:49","guid":{"rendered":"https:\/\/majoeletronica.com\/?post_type=product&#038;p=1881"},"modified":"2026-01-14T23:34:03","modified_gmt":"2026-01-14T23:34:03","slug":"headset-gaming-razer-raiva-hyperspeed","status":"publish","type":"product","link":"https:\/\/majoeletronica.com\/?product=headset-gaming-razer-raiva-hyperspeed","title":{"rendered":"HeadSet Gaming Razer Raiva HyperSpeed"},"content":{"rendered":"<h3><strong>Carater\u00edsticas<\/strong><\/h3>\n<p><strong>Tipo de produto:<\/strong> Headset<\/p>\n<p><strong>Forma de Utilizar:<\/strong> Fita de cabe\u00e7a<\/p>\n<p><strong>Uso recomendado:<\/strong> Gaming<\/p>\n<p><strong>Tipo de headset:<\/strong> Binaural<\/p>\n<p><strong>Cor:<\/strong> Branco, Preto<\/p>\n<p><strong>Produtos compat\u00edveis:<\/strong> PlayStation 5, PlayStation 4, PC e Dispositivos com Bluetooth<\/p>\n<p><strong>Tecnologia de conetividade:<\/strong> Sem fios<\/p>\n<p><strong>Conetividade USB:<\/strong> Sim (Type-C)<\/p>\n<p><strong>Bluetooth:<\/strong> Sim<\/p>\n<p><strong>Banda de frequ\u00eancia:<\/strong> 2.4 GHz<\/p>\n<p><strong>Alcance sem fios:<\/strong> 10m<\/p>\n<p><strong>Acoplamento do ouvido:<\/strong> Circum-aural<\/p>\n<p><strong>Frequ\u00eancia dos auscultadores:<\/strong> 20 &#8211; 20000 Hz<\/p>\n<p><strong>Imped\u00e2ncia:<\/strong> 32\u00a0\u03a9<\/p>\n<p><strong>Sensibilidade dos auscultadores:<\/strong> 108 dB<\/p>\n<p><strong>Di\u00e2metro do altifalante:<\/strong> 5 cm<\/p>\n<p><strong>Tipo de condutor:<\/strong> TriForce<\/p>\n<p><strong>Tipo de microfone:<\/strong> Boom<\/p>\n<p><strong>Frequ\u00eancia do microfone:<\/strong> 100 &#8211; 10000 Hz<\/p>\n<p><strong>Sensibilidade do microfone:<\/strong> -42 dB<\/p>\n<p><strong>Tipo de dire\u00e7\u00e3o do microfone:<\/strong> Unidirecional<\/p>\n<p><strong>Microfone destac\u00e1vel:<\/strong> Sim<\/p>\n<p><strong>Funciona a bateria:<\/strong> Sim<\/p>\n<p><strong>Tipo de bateria:<\/strong> Bateria incorporada<\/p>\n<p><strong>Tempo de reprodu\u00e7\u00e3o de m\u00fasica:<\/strong> 30 h<\/p>\n<p><strong>Peso:<\/strong> 332 g<\/p>\n","protected":false},"excerpt":{"rendered":"<div class=\"flex flex-col text-sm pb-25\">\n<article class=\"text-token-text-primary w-full focus:outline-none [--shadow-height:45px] has-data-writing-block:pointer-events-none has-data-writing-block:-mt-(--shadow-height) has-data-writing-block:pt-(--shadow-height) [&amp;:has([data-writing-block])&gt;*]:pointer-events-auto [content-visibility:auto] supports-[content-visibility:auto]:[contain-intrinsic-size:auto_100lvh] scroll-mt-[calc(var(--header-height)+min(200px,max(70px,20svh)))]\" dir=\"auto\" tabindex=\"-1\" data-turn-id=\"request-WEB:a93ec180-edd5-4f37-b53d-01c9d80dd0bd-0\" data-testid=\"conversation-turn-2\" data-scroll-anchor=\"true\" data-turn=\"assistant\">\n<div class=\"text-base my-auto mx-auto pb-10 [--thread-content-margin:--spacing(4)] @w-sm\/main:[--thread-content-margin:--spacing(6)] @w-lg\/main:[--thread-content-margin:--spacing(16)] px-(--thread-content-margin)\">\n<div class=\"[--thread-content-max-width:40rem] @w-lg\/main:[--thread-content-max-width:48rem] mx-auto max-w-(--thread-content-max-width) flex-1 group\/turn-messages focus-visible:outline-hidden relative flex w-full min-w-0 flex-col agent-turn\" tabindex=\"-1\">\n<div class=\"flex max-w-full flex-col grow\">\n<div class=\"min-h-8 text-message relative flex w-full flex-col items-end gap-2 text-start break-words whitespace-normal [.text-message+&amp;]:mt-1\" dir=\"auto\" data-message-author-role=\"assistant\" data-message-id=\"859a65cd-d849-4b91-a4a7-a0f4559baf62\" data-message-model-slug=\"gpt-5-2\">\n<div class=\"flex w-full flex-col gap-1 empty:hidden first:pt-[1px]\">\n<div class=\"markdown prose dark:prose-invert w-full break-words light markdown-new-styling\">\n<p data-start=\"0\" data-end=\"247\" data-is-last-node=\"\" data-is-only-node=\"\">O Razer Kaira HyperSpeed \u00e9 um headset gaming sem fios que oferece \u00e1udio de alta qualidade, tecnologia wireless 2,4 GHz e liberdade total de movimento, garantindo uma experi\u00eancia de jogo imersiva e competitiva em qualquer lugar.<\/p>\n<\/div>\n<\/div>\n<\/div>\n<\/div>\n<div class=\"z-0 flex min-h-[46px] justify-start\"><\/div>\n<div class=\"mt-3 w-full empty:hidden\">\n<div class=\"text-center\"><\/div>\n<\/div>\n<\/div>\n<\/div>\n<\/article>\n<\/div>\n<div class=\"pointer-events-none h-px w-px absolute bottom-0\" aria-hidden=\"true\" data-edge=\"true\"><\/div>\n","protected":false},"featured_media":1891,"comment_status":"open","ping_status":"closed","template":"","meta":{"_uag_custom_page_level_css":""},"product_brand":[],"product_cat":[22],"product_tag":[],"class_list":{"0":"post-1881","1":"product","2":"type-product","3":"status-publish","4":"has-post-thumbnail","6":"product_cat-diversos","8":"first","9":"onbackorder","10":"shipping-taxable","11":"purchasable","12":"product-type-simple"},"aioseo_notices":[],"uagb_featured_image_src":{"full":["https:\/\/majoeletronica.com\/wp-content\/uploads\/2026\/01\/79324-1.jpg",1080,1080,false],"thumbnail":["https:\/\/majoeletronica.com\/wp-content\/uploads\/2026\/01\/79324-1-150x150.jpg",150,150,true],"medium":["https:\/\/majoeletronica.com\/wp-content\/uploads\/2026\/01\/79324-1-300x300.jpg",300,300,true],"medium_large":["https:\/\/majoeletronica.com\/wp-content\/uploads\/2026\/01\/79324-1-768x768.jpg",768,768,true],"large":["https:\/\/majoeletronica.com\/wp-content\/uploads\/2026\/01\/79324-1-1024x1024.jpg",800,800,true],"1536x1536":["https:\/\/majoeletronica.com\/wp-content\/uploads\/2026\/01\/79324-1.jpg",1080,1080,false],"2048x2048":["https:\/\/majoeletronica.com\/wp-content\/uploads\/2026\/01\/79324-1.jpg",1080,1080,false],"320w":["https:\/\/majoeletronica.com\/wp-content\/uploads\/2026\/01\/79324-1-320x320.jpg",320,320,true],"480w":["https:\/\/majoeletronica.com\/wp-content\/uploads\/2026\/01\/79324-1-480x480.jpg",480,480,true],"800w":["https:\/\/majoeletronica.com\/wp-content\/uploads\/2026\/01\/79324-1-800x800.jpg",800,800,true],"woocommerce_thumbnail":["https:\/\/majoeletronica.com\/wp-content\/uploads\/2026\/01\/79324-1-300x300.jpg",300,300,true],"woocommerce_single":["https:\/\/majoeletronica.com\/wp-content\/uploads\/2026\/01\/79324-1-600x600.jpg",600,600,true],"woocommerce_gallery_thumbnail":["https:\/\/majoeletronica.com\/wp-content\/uploads\/2026\/01\/79324-1-100x100.jpg",100,100,true]},"uagb_author_info":{"display_name":"majoeletronica@gmail.com","author_link":"https:\/\/majoeletronica.com\/?author=0"},"uagb_comment_info":0,"uagb_excerpt":"O Razer Kaira HyperSpeed \u00e9 um headset gaming sem fios que oferece \u00e1udio de alta qualidade, tecnologia wireless 2,4 GHz e liberdade total de movimento, garantindo uma experi\u00eancia de jogo imersiva e competitiva em qualquer lugar.","_links":{"self":[{"href":"https:\/\/majoeletronica.com\/index.php?rest_route=\/wp\/v2\/product\/1881","targetHints":{"allow":["GET"]}}],"collection":[{"href":"https:\/\/majoeletronica.com\/index.php?rest_route=\/wp\/v2\/product"}],"about":[{"href":"https:\/\/majoeletronica.com\/index.php?rest_route=\/wp\/v2\/types\/product"}],"replies":[{"embeddable":true,"href":"https:\/\/majoeletronica.com\/index.php?rest_route=%2Fwp%2Fv2%2Fcomments&post=1881"}],"version-history":[{"count":3,"href":"https:\/\/majoeletronica.com\/index.php?rest_route=\/wp\/v2\/product\/1881\/revisions"}],"predecessor-version":[{"id":1902,"href":"https:\/\/majoeletronica.com\/index.php?rest_route=\/wp\/v2\/product\/1881\/revisions\/1902"}],"wp:featuredmedia":[{"embeddable":true,"href":"https:\/\/majoeletronica.com\/index.php?rest_route=\/wp\/v2\/media\/1891"}],"wp:attachment":[{"href":"https:\/\/majoeletronica.com\/index.php?rest_route=%2Fwp%2Fv2%2Fmedia&parent=1881"}],"wp:term":[{"taxonomy":"product_brand","embeddable":true,"href":"https:\/\/majoeletronica.com\/index.php?rest_route=%2Fwp%2Fv2%2Fproduct_brand&post=1881"},{"taxonomy":"product_cat","embeddable":true,"href":"https:\/\/majoeletronica.com\/index.php?rest_route=%2Fwp%2Fv2%2Fproduct_cat&post=1881"},{"taxonomy":"product_tag","embeddable":true,"href":"https:\/\/majoeletronica.com\/index.php?rest_route=%2Fwp%2Fv2%2Fproduct_tag&post=1881"}],"curies":[{"name":"wp","href":"https:\/\/api.w.org\/{rel}","templated":true}]}}