{"id":1927,"date":"2026-02-08T22:13:01","date_gmt":"2026-02-08T22:13:01","guid":{"rendered":"https:\/\/majoeletronica.com\/?post_type=product&#038;p=1927"},"modified":"2026-03-12T22:32:24","modified_gmt":"2026-03-12T22:32:24","slug":"microondas-20l-700w-branco-jocel","status":"publish","type":"product","link":"https:\/\/majoeletronica.com\/?product=microondas-20l-700w-branco-jocel","title":{"rendered":"Microondas 20L 700W Branco JOCEL"},"content":{"rendered":"<h3><b>Carater\u00edsticas<\/b><\/h3>\n<p><b>Dimens\u00f5es (AxLxP): <\/b>256 x 451 x 354 mm<\/p>\n<p><b>Capacidade:<\/b> 20L<\/p>\n<p><b>Temporizador:<\/b> 30 minutos<\/p>\n<p><b>Prato girat\u00f3rio:<\/b> 245 mm<\/p>\n<p><b>Pot\u00eancia:<\/b> 700W<\/p>\n<p><b>Tens\u00e3o de entrada:<\/b> 230V, 50Hz<\/p>\n<p>Indicador sonoro de fim de opera\u00e7\u00e3o<\/p>\n<p>Fun\u00e7\u00e3o de descongelamento<\/p>\n<p>6 n\u00edveis de pot\u00eancia<\/p>\n","protected":false},"excerpt":{"rendered":"<p>Branco<\/p>\n<p>Capacidade de 20L<\/p>\n<p>700W de pot\u00eancia<\/p>\n<p>6 n\u00edveis de pot\u00eancia<\/p>\n<p>10,1kg<\/p>\n","protected":false},"featured_media":1929,"comment_status":"open","ping_status":"closed","template":"","meta":{"_uag_custom_page_level_css":""},"product_brand":[55],"product_cat":[67],"product_tag":[],"class_list":{"0":"post-1927","1":"product","2":"type-product","3":"status-publish","4":"has-post-thumbnail","6":"product_brand-jocel","7":"product_cat-microondas","9":"first","10":"onbackorder","11":"shipping-taxable","12":"purchasable","13":"product-type-simple"},"aioseo_notices":[],"uagb_featured_image_src":{"full":["https:\/\/majoeletronica.com\/wp-content\/uploads\/2026\/02\/JMO011459.jpg",1080,1080,false],"thumbnail":["https:\/\/majoeletronica.com\/wp-content\/uploads\/2026\/02\/JMO011459-150x150.jpg",150,150,true],"medium":["https:\/\/majoeletronica.com\/wp-content\/uploads\/2026\/02\/JMO011459-300x300.jpg",300,300,true],"medium_large":["https:\/\/majoeletronica.com\/wp-content\/uploads\/2026\/02\/JMO011459-768x768.jpg",768,768,true],"large":["https:\/\/majoeletronica.com\/wp-content\/uploads\/2026\/02\/JMO011459-1024x1024.jpg",800,800,true],"1536x1536":["https:\/\/majoeletronica.com\/wp-content\/uploads\/2026\/02\/JMO011459.jpg",1080,1080,false],"2048x2048":["https:\/\/majoeletronica.com\/wp-content\/uploads\/2026\/02\/JMO011459.jpg",1080,1080,false],"320w":["https:\/\/majoeletronica.com\/wp-content\/uploads\/2026\/02\/JMO011459-320x320.jpg",320,320,true],"480w":["https:\/\/majoeletronica.com\/wp-content\/uploads\/2026\/02\/JMO011459-480x480.jpg",480,480,true],"800w":["https:\/\/majoeletronica.com\/wp-content\/uploads\/2026\/02\/JMO011459-800x800.jpg",800,800,true],"woocommerce_thumbnail":["https:\/\/majoeletronica.com\/wp-content\/uploads\/2026\/02\/JMO011459-300x300.jpg",300,300,true],"woocommerce_single":["https:\/\/majoeletronica.com\/wp-content\/uploads\/2026\/02\/JMO011459-600x600.jpg",600,600,true],"woocommerce_gallery_thumbnail":["https:\/\/majoeletronica.com\/wp-content\/uploads\/2026\/02\/JMO011459-100x100.jpg",100,100,true]},"uagb_author_info":{"display_name":"majoeletronica@gmail.com","author_link":"https:\/\/majoeletronica.com\/?author=0"},"uagb_comment_info":0,"uagb_excerpt":"Branco Capacidade de 20L 700W de pot\u00eancia 6 n\u00edveis de pot\u00eancia 10,1kg","_links":{"self":[{"href":"https:\/\/majoeletronica.com\/index.php?rest_route=\/wp\/v2\/product\/1927","targetHints":{"allow":["GET"]}}],"collection":[{"href":"https:\/\/majoeletronica.com\/index.php?rest_route=\/wp\/v2\/product"}],"about":[{"href":"https:\/\/majoeletronica.com\/index.php?rest_route=\/wp\/v2\/types\/product"}],"replies":[{"embeddable":true,"href":"https:\/\/majoeletronica.com\/index.php?rest_route=%2Fwp%2Fv2%2Fcomments&post=1927"}],"version-history":[{"count":1,"href":"https:\/\/majoeletronica.com\/index.php?rest_route=\/wp\/v2\/product\/1927\/revisions"}],"predecessor-version":[{"id":1928,"href":"https:\/\/majoeletronica.com\/index.php?rest_route=\/wp\/v2\/product\/1927\/revisions\/1928"}],"wp:featuredmedia":[{"embeddable":true,"href":"https:\/\/majoeletronica.com\/index.php?rest_route=\/wp\/v2\/media\/1929"}],"wp:attachment":[{"href":"https:\/\/majoeletronica.com\/index.php?rest_route=%2Fwp%2Fv2%2Fmedia&parent=1927"}],"wp:term":[{"taxonomy":"product_brand","embeddable":true,"href":"https:\/\/majoeletronica.com\/index.php?rest_route=%2Fwp%2Fv2%2Fproduct_brand&post=1927"},{"taxonomy":"product_cat","embeddable":true,"href":"https:\/\/majoeletronica.com\/index.php?rest_route=%2Fwp%2Fv2%2Fproduct_cat&post=1927"},{"taxonomy":"product_tag","embeddable":true,"href":"https:\/\/majoeletronica.com\/index.php?rest_route=%2Fwp%2Fv2%2Fproduct_tag&post=1927"}],"curies":[{"name":"wp","href":"https:\/\/api.w.org\/{rel}","templated":true}]}}