{"id":2003,"date":"2026-04-14T19:04:21","date_gmt":"2026-04-14T19:04:21","guid":{"rendered":"https:\/\/majoeletronica.com\/?post_type=product&#038;p=2003"},"modified":"2026-04-14T19:08:29","modified_gmt":"2026-04-14T19:08:29","slug":"bateria-para-samsung-galaxy-s23-3900mah-original","status":"publish","type":"product","link":"https:\/\/majoeletronica.com\/?product=bateria-para-samsung-galaxy-s23-3900mah-original","title":{"rendered":"Bateria para Samsung Galaxy S23 \u2013 3900mah (Original)"},"content":{"rendered":"<p>Bateria para Samsung Galaxy S23, SM-911B<\/p>\n<p><strong class=\"Yjhzub\" data-sfc-root=\"c\" data-sfc-cb=\"\">Caracter\u00edsticas<\/strong><\/p>\n<p><strong>Capacidade:<\/strong> 3900mAh<\/p>\n<p><strong>Tens\u00e3o:<\/strong> 3,88V<\/p>\n<p><strong>Pot\u00eancia:<\/strong> 15,13Wh<\/p>\n<p><strong>Tipo:<\/strong> I\u00e3o de l\u00edtio<\/p>\n","protected":false},"excerpt":{"rendered":"<p>Bateria para Samsung Galaxy S23, SM-911B Caracter\u00edsticas Capacidade: 3900mAh Tens\u00e3o: 3,88V Pot\u00eancia: 15,13Wh Tipo: I\u00e3o de l\u00edtio<\/p>\n","protected":false},"featured_media":2004,"comment_status":"open","ping_status":"closed","template":"","meta":{"_uag_custom_page_level_css":""},"product_brand":[76],"product_cat":[78],"product_tag":[],"class_list":{"0":"post-2003","1":"product","2":"type-product","3":"status-publish","4":"has-post-thumbnail","6":"product_brand-samsung","7":"product_cat-galaxy-s23","9":"first","10":"instock","11":"shipping-taxable","12":"purchasable","13":"product-type-simple"},"aioseo_notices":[],"uagb_featured_image_src":{"full":["https:\/\/majoeletronica.com\/wp-content\/uploads\/2026\/04\/123608.jpg",1080,1080,false],"thumbnail":["https:\/\/majoeletronica.com\/wp-content\/uploads\/2026\/04\/123608-150x150.jpg",150,150,true],"medium":["https:\/\/majoeletronica.com\/wp-content\/uploads\/2026\/04\/123608-300x300.jpg",300,300,true],"medium_large":["https:\/\/majoeletronica.com\/wp-content\/uploads\/2026\/04\/123608-768x768.jpg",768,768,true],"large":["https:\/\/majoeletronica.com\/wp-content\/uploads\/2026\/04\/123608-1024x1024.jpg",800,800,true],"1536x1536":["https:\/\/majoeletronica.com\/wp-content\/uploads\/2026\/04\/123608.jpg",1080,1080,false],"2048x2048":["https:\/\/majoeletronica.com\/wp-content\/uploads\/2026\/04\/123608.jpg",1080,1080,false],"320w":["https:\/\/majoeletronica.com\/wp-content\/uploads\/2026\/04\/123608-320x320.jpg",320,320,true],"480w":["https:\/\/majoeletronica.com\/wp-content\/uploads\/2026\/04\/123608-480x480.jpg",480,480,true],"800w":["https:\/\/majoeletronica.com\/wp-content\/uploads\/2026\/04\/123608-800x800.jpg",800,800,true],"woocommerce_thumbnail":["https:\/\/majoeletronica.com\/wp-content\/uploads\/2026\/04\/123608-300x300.jpg",300,300,true],"woocommerce_single":["https:\/\/majoeletronica.com\/wp-content\/uploads\/2026\/04\/123608-600x600.jpg",600,600,true],"woocommerce_gallery_thumbnail":["https:\/\/majoeletronica.com\/wp-content\/uploads\/2026\/04\/123608-100x100.jpg",100,100,true]},"uagb_author_info":{"display_name":"majoeletronica@gmail.com","author_link":"https:\/\/majoeletronica.com\/?author=0"},"uagb_comment_info":0,"uagb_excerpt":"Bateria para Samsung Galaxy S23, SM-911B Caracter\u00edsticas Capacidade: 3900mAh Tens\u00e3o: 3,88V Pot\u00eancia: 15,13Wh Tipo: I\u00e3o de l\u00edtio","_links":{"self":[{"href":"https:\/\/majoeletronica.com\/index.php?rest_route=\/wp\/v2\/product\/2003","targetHints":{"allow":["GET"]}}],"collection":[{"href":"https:\/\/majoeletronica.com\/index.php?rest_route=\/wp\/v2\/product"}],"about":[{"href":"https:\/\/majoeletronica.com\/index.php?rest_route=\/wp\/v2\/types\/product"}],"replies":[{"embeddable":true,"href":"https:\/\/majoeletronica.com\/index.php?rest_route=%2Fwp%2Fv2%2Fcomments&post=2003"}],"version-history":[{"count":1,"href":"https:\/\/majoeletronica.com\/index.php?rest_route=\/wp\/v2\/product\/2003\/revisions"}],"predecessor-version":[{"id":2005,"href":"https:\/\/majoeletronica.com\/index.php?rest_route=\/wp\/v2\/product\/2003\/revisions\/2005"}],"wp:featuredmedia":[{"embeddable":true,"href":"https:\/\/majoeletronica.com\/index.php?rest_route=\/wp\/v2\/media\/2004"}],"wp:attachment":[{"href":"https:\/\/majoeletronica.com\/index.php?rest_route=%2Fwp%2Fv2%2Fmedia&parent=2003"}],"wp:term":[{"taxonomy":"product_brand","embeddable":true,"href":"https:\/\/majoeletronica.com\/index.php?rest_route=%2Fwp%2Fv2%2Fproduct_brand&post=2003"},{"taxonomy":"product_cat","embeddable":true,"href":"https:\/\/majoeletronica.com\/index.php?rest_route=%2Fwp%2Fv2%2Fproduct_cat&post=2003"},{"taxonomy":"product_tag","embeddable":true,"href":"https:\/\/majoeletronica.com\/index.php?rest_route=%2Fwp%2Fv2%2Fproduct_tag&post=2003"}],"curies":[{"name":"wp","href":"https:\/\/api.w.org\/{rel}","templated":true}]}}